{"id":5139,"date":"2020-01-17T12:47:02","date_gmt":"2020-01-17T09:47:02","guid":{"rendered":"https:\/\/redqueen.gr\/facilitati\/"},"modified":"2025-10-07T15:13:59","modified_gmt":"2025-10-07T12:13:59","slug":"facilitati","status":"publish","type":"page","link":"https:\/\/redqueen.gr\/ro\/facilitati\/","title":{"rendered":"Facilit\u0103\u021bi"},"content":{"rendered":"\t\t<div data-elementor-type=\"wp-page\" data-elementor-id=\"5139\" class=\"elementor elementor-5139 elementor-435\">\n\t\t\t\t\t\t<section class=\"elementor-section elementor-top-section elementor-element elementor-element-1d809ae elementor-section-boxed elementor-section-height-default elementor-section-height-default\" data-id=\"1d809ae\" data-element_type=\"section\" data-e-type=\"section\">\n\t\t\t\t\t\t<div class=\"elementor-container elementor-column-gap-default\">\n\t\t\t\t\t<div class=\"elementor-column elementor-col-100 elementor-top-column elementor-element elementor-element-f04fd48\" data-id=\"f04fd48\" data-element_type=\"column\" data-e-type=\"column\">\n\t\t\t<div class=\"elementor-widget-wrap elementor-element-populated\">\n\t\t\t\t\t\t<div class=\"elementor-element elementor-element-829104d elementor-widget elementor-widget-spacer\" data-id=\"829104d\" data-element_type=\"widget\" data-e-type=\"widget\" data-widget_type=\"spacer.default\">\n\t\t\t\t<div class=\"elementor-widget-container\">\n\t\t\t\t\t\t\t<div class=\"elementor-spacer\">\n\t\t\t<div class=\"elementor-spacer-inner\"><\/div>\n\t\t<\/div>\n\t\t\t\t\t\t<\/div>\n\t\t\t\t<\/div>\n\t\t\t\t\t<\/div>\n\t\t<\/div>\n\t\t\t\t\t<\/div>\n\t\t<\/section>\n\t\t\t\t<section class=\"elementor-section elementor-top-section elementor-element elementor-element-92876ab elementor-reverse-tablet elementor-reverse-mobile elementor-section-boxed elementor-section-height-default elementor-section-height-default\" data-id=\"92876ab\" data-element_type=\"section\" data-e-type=\"section\">\n\t\t\t\t\t\t<div class=\"elementor-container elementor-column-gap-default\">\n\t\t\t\t\t<div class=\"elementor-column elementor-col-50 elementor-top-column elementor-element elementor-element-1f1343f\" data-id=\"1f1343f\" data-element_type=\"column\" data-e-type=\"column\">\n\t\t\t<div class=\"elementor-widget-wrap elementor-element-populated\">\n\t\t\t\t\t\t<div class=\"elementor-element elementor-element-969ad42 elementor-widget-image-box wgl-image-box elementor-widget elementor-widget-wgl-double-headings\" data-id=\"969ad42\" data-element_type=\"widget\" data-e-type=\"widget\" data-widget_type=\"wgl-double-headings.default\">\n\t\t\t\t<div class=\"elementor-widget-container\">\n\t\t\t\t\t<div class=\"wgl-double_heading aleft\"><div class=\"dbl-subtitle\"><div class=\"wgl-widget_wrapper elementor-image-box-img\"><div class=\"wgl-widget_container\"><div class=\"wgl-image-box_img\"><span ><img decoding=\"async\" width=\"123\" height=\"149\" src=\"https:\/\/redqueen.gr\/wp-content\/uploads\/2023\/11\/rw-logo-ver_1@500x-1-e1701274169228.png\" class=\"attachment-full size-full wp-image-2799\" alt=\"\" \/><\/span><\/div><\/div><\/div><span>Facilit\u0103\u021bi<\/span><\/div>\t\t\t\t<h3 class=\"dbl-title_wrapper\"><span class=\"dbl-title dbl-title_1\">Sere<\/span> \t\t\t\t<\/h3>\t\t<\/div>\t\t\t\t<\/div>\n\t\t\t\t<\/div>\n\t\t\t\t<div class=\"elementor-element elementor-element-a31a4d4 elementor-widget elementor-widget-text-editor\" data-id=\"a31a4d4\" data-element_type=\"widget\" data-e-type=\"widget\" data-widget_type=\"text-editor.default\">\n\t\t\t\t<div class=\"elementor-widget-container\">\n\t\t\t\t\t\t\t\t\t<p>Pentru activit\u0103\u021bile noastre de produc\u021bie dispunem de 19.000 metri p\u0103tra\u021bi de sere \u00een Kountoura, Chania, de 4.000 metri p\u0103tra\u021bi \u00een Vasilika, Salonic \u0219i de 7.000 metri p\u0103tra\u021bi de sere model cu plas\u0103, \u00een care ne cultiv\u0103m ro\u0219iile aplic\u00e2nd metode de cultivare ecologice \u0219i utiliz\u00e2nd un minim de produse fitosanitare.<\/p><p>Facilit\u0103\u021bile noastre includ, de asemenea, o fabric\u0103 de sortare \u0219i ambalare, situat\u0103 \u00een Kountoura, Chania. Principalul punct de v\u00e2nzare a produselor noastre se afl\u0103 la Salonic, \u00een Pia\u021ba Angro de Legume, unde se afl\u0103 \u0219i sediul principal al companiei.<\/p>\t\t\t\t\t\t\t\t<\/div>\n\t\t\t\t<\/div>\n\t\t\t\t\t<\/div>\n\t\t<\/div>\n\t\t\t\t<div class=\"elementor-column elementor-col-50 elementor-top-column elementor-element elementor-element-8872cc4\" data-id=\"8872cc4\" data-element_type=\"column\" data-e-type=\"column\">\n\t\t\t<div class=\"elementor-widget-wrap elementor-element-populated\">\n\t\t\t\t\t\t<div class=\"elementor-element elementor-element-6ffec62 elementor-widget elementor-widget-image\" data-id=\"6ffec62\" data-element_type=\"widget\" data-e-type=\"widget\" data-widget_type=\"image.default\">\n\t\t\t\t<div class=\"elementor-widget-container\">\n\t\t\t\t\t\t\t\t\t\t\t\t\t\t\t<img fetchpriority=\"high\" decoding=\"async\" width=\"2560\" height=\"1707\" src=\"https:\/\/redqueen.gr\/wp-content\/uploads\/2023\/12\/Depositphotos_410019678_DS-scaled.jpg\" class=\"attachment-full size-full wp-image-4914\" alt=\"\" srcset=\"https:\/\/redqueen.gr\/wp-content\/uploads\/2023\/12\/Depositphotos_410019678_DS-scaled.jpg 2560w, https:\/\/redqueen.gr\/wp-content\/uploads\/2023\/12\/Depositphotos_410019678_DS-300x200.jpg 300w, https:\/\/redqueen.gr\/wp-content\/uploads\/2023\/12\/Depositphotos_410019678_DS-1024x683.jpg 1024w, https:\/\/redqueen.gr\/wp-content\/uploads\/2023\/12\/Depositphotos_410019678_DS-768x512.jpg 768w, https:\/\/redqueen.gr\/wp-content\/uploads\/2023\/12\/Depositphotos_410019678_DS-1536x1024.jpg 1536w, https:\/\/redqueen.gr\/wp-content\/uploads\/2023\/12\/Depositphotos_410019678_DS-2048x1365.jpg 2048w\" sizes=\"(max-width: 2560px) 100vw, 2560px\" \/>\t\t\t\t\t\t\t\t\t\t\t\t\t\t\t<\/div>\n\t\t\t\t<\/div>\n\t\t\t\t\t<\/div>\n\t\t<\/div>\n\t\t\t\t\t<\/div>\n\t\t<\/section>\n\t\t\t\t<section class=\"elementor-section elementor-top-section elementor-element elementor-element-2f6bb3f elementor-section-boxed elementor-section-height-default elementor-section-height-default\" data-id=\"2f6bb3f\" data-element_type=\"section\" data-e-type=\"section\">\n\t\t\t\t\t\t<div class=\"elementor-container elementor-column-gap-default\">\n\t\t\t\t\t<div class=\"elementor-column elementor-col-100 elementor-top-column elementor-element elementor-element-3fc722c\" data-id=\"3fc722c\" data-element_type=\"column\" data-e-type=\"column\">\n\t\t\t<div class=\"elementor-widget-wrap elementor-element-populated\">\n\t\t\t\t\t\t<div class=\"elementor-element elementor-element-736a20c elementor-widget elementor-widget-spacer\" data-id=\"736a20c\" data-element_type=\"widget\" data-e-type=\"widget\" data-widget_type=\"spacer.default\">\n\t\t\t\t<div class=\"elementor-widget-container\">\n\t\t\t\t\t\t\t<div class=\"elementor-spacer\">\n\t\t\t<div class=\"elementor-spacer-inner\"><\/div>\n\t\t<\/div>\n\t\t\t\t\t\t<\/div>\n\t\t\t\t<\/div>\n\t\t\t\t\t<\/div>\n\t\t<\/div>\n\t\t\t\t\t<\/div>\n\t\t<\/section>\n\t\t\t\t<section class=\"elementor-section elementor-top-section elementor-element elementor-element-f9013dc elementor-section-boxed elementor-section-height-default elementor-section-height-default\" data-id=\"f9013dc\" data-element_type=\"section\" data-e-type=\"section\">\n\t\t\t\t\t\t<div class=\"elementor-container elementor-column-gap-default\">\n\t\t\t\t\t<div class=\"elementor-column elementor-col-100 elementor-top-column elementor-element elementor-element-e035c97\" data-id=\"e035c97\" data-element_type=\"column\" data-e-type=\"column\">\n\t\t\t<div class=\"elementor-widget-wrap elementor-element-populated\">\n\t\t\t\t\t\t<div class=\"elementor-element elementor-element-8f5e615 elementor-arrows-position-inside elementor-widget elementor-widget-image-carousel\" data-id=\"8f5e615\" data-element_type=\"widget\" data-e-type=\"widget\" data-settings=\"{&quot;slides_to_show&quot;:&quot;1&quot;,&quot;navigation&quot;:&quot;arrows&quot;,&quot;autoplay&quot;:&quot;yes&quot;,&quot;pause_on_hover&quot;:&quot;yes&quot;,&quot;pause_on_interaction&quot;:&quot;yes&quot;,&quot;autoplay_speed&quot;:5000,&quot;infinite&quot;:&quot;yes&quot;,&quot;effect&quot;:&quot;slide&quot;,&quot;speed&quot;:500}\" data-widget_type=\"image-carousel.default\">\n\t\t\t\t<div class=\"elementor-widget-container\">\n\t\t\t\t\t\t\t<div class=\"elementor-image-carousel-wrapper swiper\" role=\"region\" aria-roledescription=\"carousel\" aria-label=\"\u039a\u03b1\u03c1\u03bf\u03c5\u03b6\u03ad\u03bb \u0395\u03b9\u03ba\u03cc\u03bd\u03b1\u03c2\" dir=\"ltr\">\n\t\t\t<div class=\"elementor-image-carousel swiper-wrapper\" aria-live=\"off\">\n\t\t\t\t\t\t\t\t<div class=\"swiper-slide\" role=\"group\" aria-roledescription=\"slide\" aria-label=\"1 din 5\"><figure class=\"swiper-slide-inner\"><img decoding=\"async\" class=\"swiper-slide-image\" src=\"https:\/\/redqueen.gr\/wp-content\/uploads\/2024\/01\/IMG_4208.jpg\" alt=\"IMG_4208\" \/><\/figure><\/div><div class=\"swiper-slide\" role=\"group\" aria-roledescription=\"slide\" aria-label=\"2 din 5\"><figure class=\"swiper-slide-inner\"><img decoding=\"async\" class=\"swiper-slide-image\" src=\"https:\/\/redqueen.gr\/wp-content\/uploads\/2020\/02\/Depositphotos_447280213_DS-scaled.jpg\" alt=\"Depositphotos_447280213_DS\" \/><\/figure><\/div><div class=\"swiper-slide\" role=\"group\" aria-roledescription=\"slide\" aria-label=\"3 din 5\"><figure class=\"swiper-slide-inner\"><img decoding=\"async\" class=\"swiper-slide-image\" src=\"https:\/\/redqueen.gr\/wp-content\/uploads\/2024\/01\/IMG_4207.jpg\" alt=\"IMG_4207\" \/><\/figure><\/div><div class=\"swiper-slide\" role=\"group\" aria-roledescription=\"slide\" aria-label=\"4 din 5\"><figure class=\"swiper-slide-inner\"><img decoding=\"async\" class=\"swiper-slide-image\" src=\"https:\/\/redqueen.gr\/wp-content\/uploads\/2023\/12\/IMG_0300.jpg\" alt=\"IMG_0300\" \/><\/figure><\/div><div class=\"swiper-slide\" role=\"group\" aria-roledescription=\"slide\" aria-label=\"5 din 5\"><figure class=\"swiper-slide-inner\"><img decoding=\"async\" class=\"swiper-slide-image\" src=\"https:\/\/redqueen.gr\/wp-content\/uploads\/2025\/10\/depositphotos_157359654-stock-photo-farmer-man-on-tomatoes-e1703175420946.jpg\" alt=\"depositphotos_157359654-stock-photo-farmer-man-on-tomatoes-e1703175420946\" \/><\/figure><\/div>\t\t\t<\/div>\n\t\t\t\t\t\t\t\t\t\t\t\t<div class=\"elementor-swiper-button elementor-swiper-button-prev\" role=\"button\" tabindex=\"0\">\n\t\t\t\t\t\t<svg aria-hidden=\"true\" class=\"e-font-icon-svg e-eicon-chevron-left\" viewBox=\"0 0 1000 1000\" xmlns=\"http:\/\/www.w3.org\/2000\/svg\"><path d=\"M646 125C629 125 613 133 604 142L308 442C296 454 292 471 292 487 292 504 296 521 308 533L604 854C617 867 629 875 646 875 663 875 679 871 692 858 704 846 713 829 713 812 713 796 708 779 692 767L438 487 692 225C700 217 708 204 708 187 708 171 704 154 692 142 675 129 663 125 646 125Z\"><\/path><\/svg>\t\t\t\t\t<\/div>\n\t\t\t\t\t<div class=\"elementor-swiper-button elementor-swiper-button-next\" role=\"button\" tabindex=\"0\">\n\t\t\t\t\t\t<svg aria-hidden=\"true\" class=\"e-font-icon-svg e-eicon-chevron-right\" viewBox=\"0 0 1000 1000\" xmlns=\"http:\/\/www.w3.org\/2000\/svg\"><path d=\"M696 533C708 521 713 504 713 487 713 471 708 454 696 446L400 146C388 133 375 125 354 125 338 125 325 129 313 142 300 154 292 171 292 187 292 204 296 221 308 233L563 492 304 771C292 783 288 800 288 817 288 833 296 850 308 863 321 871 338 875 354 875 371 875 388 867 400 854L696 533Z\"><\/path><\/svg>\t\t\t\t\t<\/div>\n\t\t\t\t\n\t\t\t\t\t\t\t\t\t<\/div>\n\t\t\t\t\t\t<\/div>\n\t\t\t\t<\/div>\n\t\t\t\t\t<\/div>\n\t\t<\/div>\n\t\t\t\t\t<\/div>\n\t\t<\/section>\n\t\t\t\t<section class=\"elementor-section elementor-top-section elementor-element elementor-element-27f1521 elementor-section-boxed elementor-section-height-default elementor-section-height-default\" data-id=\"27f1521\" data-element_type=\"section\" data-e-type=\"section\">\n\t\t\t\t\t\t<div class=\"elementor-container elementor-column-gap-default\">\n\t\t\t\t\t<div class=\"elementor-column elementor-col-100 elementor-top-column elementor-element elementor-element-5e5e519\" data-id=\"5e5e519\" data-element_type=\"column\" data-e-type=\"column\">\n\t\t\t<div class=\"elementor-widget-wrap elementor-element-populated\">\n\t\t\t\t\t\t<div class=\"elementor-element elementor-element-0cfb90e elementor-widget elementor-widget-spacer\" data-id=\"0cfb90e\" data-element_type=\"widget\" data-e-type=\"widget\" data-widget_type=\"spacer.default\">\n\t\t\t\t<div class=\"elementor-widget-container\">\n\t\t\t\t\t\t\t<div class=\"elementor-spacer\">\n\t\t\t<div class=\"elementor-spacer-inner\"><\/div>\n\t\t<\/div>\n\t\t\t\t\t\t<\/div>\n\t\t\t\t<\/div>\n\t\t\t\t\t<\/div>\n\t\t<\/div>\n\t\t\t\t\t<\/div>\n\t\t<\/section>\n\t\t\t\t<\/div>\n\t\t","protected":false},"excerpt":{"rendered":"<p>Facilit\u0103\u021bi Sere Pentru activit\u0103\u021bile noastre de produc\u021bie dispunem de 19.000 metri p\u0103tra\u021bi de sere \u00een Kountoura, Chania, de 4.000 metri p\u0103tra\u021bi \u00een Vasilika, Salonic \u0219i de 7.000 metri p\u0103tra\u021bi de sere model cu plas\u0103, \u00een care ne cultiv\u0103m ro\u0219iile aplic\u00e2nd metode de cultivare ecologice \u0219i utiliz\u00e2nd un minim de produse fitosanitare. Facilit\u0103\u021bile noastre includ, de [&hellip;]<\/p>\n","protected":false},"author":1,"featured_media":0,"parent":0,"menu_order":0,"comment_status":"closed","ping_status":"closed","template":"","meta":{"footnotes":""},"class_list":["post-5139","page","type-page","status-publish","hentry"],"yoast_head":"<!-- This site is optimized with the Yoast SEO plugin v27.1.1 - https:\/\/yoast.com\/product\/yoast-seo-wordpress\/ -->\n<title>Facilit\u0103\u021bi - Red queen<\/title>\n<meta name=\"robots\" content=\"index, follow, max-snippet:-1, max-image-preview:large, max-video-preview:-1\" \/>\n<link rel=\"canonical\" href=\"https:\/\/redqueen.gr\/ro\/facilitati\/\" \/>\n<meta property=\"og:locale\" content=\"ro_RO\" \/>\n<meta property=\"og:type\" content=\"article\" \/>\n<meta property=\"og:title\" content=\"Facilit\u0103\u021bi - Red queen\" \/>\n<meta property=\"og:description\" content=\"Facilit\u0103\u021bi Sere Pentru activit\u0103\u021bile noastre de produc\u021bie dispunem de 19.000 metri p\u0103tra\u021bi de sere \u00een Kountoura, Chania, de 4.000 metri p\u0103tra\u021bi \u00een Vasilika, Salonic \u0219i de 7.000 metri p\u0103tra\u021bi de sere model cu plas\u0103, \u00een care ne cultiv\u0103m ro\u0219iile aplic\u00e2nd metode de cultivare ecologice \u0219i utiliz\u00e2nd un minim de produse fitosanitare. Facilit\u0103\u021bile noastre includ, de [&hellip;]\" \/>\n<meta property=\"og:url\" content=\"https:\/\/redqueen.gr\/ro\/facilitati\/\" \/>\n<meta property=\"og:site_name\" content=\"Red queen\" \/>\n<meta property=\"article:modified_time\" content=\"2025-10-07T12:13:59+00:00\" \/>\n<meta property=\"og:image\" content=\"https:\/\/redqueen.gr\/wp-content\/uploads\/2023\/11\/rw-logo-ver_1@500x-1-e1701274169228.png\" \/>\n\t<meta property=\"og:image:width\" content=\"123\" \/>\n\t<meta property=\"og:image:height\" content=\"149\" \/>\n\t<meta property=\"og:image:type\" content=\"image\/png\" \/>\n<meta name=\"twitter:card\" content=\"summary_large_image\" \/>\n<meta name=\"twitter:label1\" content=\"Timp estimat pentru citire\" \/>\n\t<meta name=\"twitter:data1\" content=\"2 minute\" \/>\n<script type=\"application\/ld+json\" class=\"yoast-schema-graph\">{\"@context\":\"https:\/\/schema.org\",\"@graph\":[{\"@type\":\"WebPage\",\"@id\":\"https:\/\/redqueen.gr\/ro\/facilitati\/\",\"url\":\"https:\/\/redqueen.gr\/ro\/facilitati\/\",\"name\":\"Facilit\u0103\u021bi - Red queen\",\"isPartOf\":{\"@id\":\"https:\/\/redqueen.gr\/#website\"},\"primaryImageOfPage\":{\"@id\":\"https:\/\/redqueen.gr\/ro\/facilitati\/#primaryimage\"},\"image\":{\"@id\":\"https:\/\/redqueen.gr\/ro\/facilitati\/#primaryimage\"},\"thumbnailUrl\":\"https:\/\/redqueen.gr\/wp-content\/uploads\/2023\/11\/rw-logo-ver_1@500x-1-e1701274169228.png\",\"datePublished\":\"2020-01-17T09:47:02+00:00\",\"dateModified\":\"2025-10-07T12:13:59+00:00\",\"breadcrumb\":{\"@id\":\"https:\/\/redqueen.gr\/ro\/facilitati\/#breadcrumb\"},\"inLanguage\":\"ro-RO\",\"potentialAction\":[{\"@type\":\"ReadAction\",\"target\":[\"https:\/\/redqueen.gr\/ro\/facilitati\/\"]}]},{\"@type\":\"ImageObject\",\"inLanguage\":\"ro-RO\",\"@id\":\"https:\/\/redqueen.gr\/ro\/facilitati\/#primaryimage\",\"url\":\"https:\/\/redqueen.gr\/wp-content\/uploads\/2023\/11\/rw-logo-ver_1@500x-1-e1701274169228.png\",\"contentUrl\":\"https:\/\/redqueen.gr\/wp-content\/uploads\/2023\/11\/rw-logo-ver_1@500x-1-e1701274169228.png\"},{\"@type\":\"BreadcrumbList\",\"@id\":\"https:\/\/redqueen.gr\/ro\/facilitati\/#breadcrumb\",\"itemListElement\":[{\"@type\":\"ListItem\",\"position\":1,\"name\":\"\u0391\u03c1\u03c7\u03b9\u03ba\u03ae\",\"item\":\"https:\/\/redqueen.gr\/\"},{\"@type\":\"ListItem\",\"position\":2,\"name\":\"Facilit\u0103\u021bi\"}]},{\"@type\":\"WebSite\",\"@id\":\"https:\/\/redqueen.gr\/#website\",\"url\":\"https:\/\/redqueen.gr\/\",\"name\":\"Red queen\",\"description\":\"\",\"publisher\":{\"@id\":\"https:\/\/redqueen.gr\/#organization\"},\"potentialAction\":[{\"@type\":\"SearchAction\",\"target\":{\"@type\":\"EntryPoint\",\"urlTemplate\":\"https:\/\/redqueen.gr\/?s={search_term_string}\"},\"query-input\":{\"@type\":\"PropertyValueSpecification\",\"valueRequired\":true,\"valueName\":\"search_term_string\"}}],\"inLanguage\":\"ro-RO\"},{\"@type\":\"Organization\",\"@id\":\"https:\/\/redqueen.gr\/#organization\",\"name\":\"Red queen\",\"url\":\"https:\/\/redqueen.gr\/\",\"logo\":{\"@type\":\"ImageObject\",\"inLanguage\":\"ro-RO\",\"@id\":\"https:\/\/redqueen.gr\/#\/schema\/logo\/image\/\",\"url\":\"https:\/\/redqueen.gr\/wp-content\/uploads\/2023\/12\/mobile-logo-ver.png\",\"contentUrl\":\"https:\/\/redqueen.gr\/wp-content\/uploads\/2023\/12\/mobile-logo-ver.png\",\"width\":586,\"height\":184,\"caption\":\"Red queen\"},\"image\":{\"@id\":\"https:\/\/redqueen.gr\/#\/schema\/logo\/image\/\"}}]}<\/script>\n<!-- \/ Yoast SEO plugin. -->","yoast_head_json":{"title":"Facilit\u0103\u021bi - Red queen","robots":{"index":"index","follow":"follow","max-snippet":"max-snippet:-1","max-image-preview":"max-image-preview:large","max-video-preview":"max-video-preview:-1"},"canonical":"https:\/\/redqueen.gr\/ro\/facilitati\/","og_locale":"ro_RO","og_type":"article","og_title":"Facilit\u0103\u021bi - Red queen","og_description":"Facilit\u0103\u021bi Sere Pentru activit\u0103\u021bile noastre de produc\u021bie dispunem de 19.000 metri p\u0103tra\u021bi de sere \u00een Kountoura, Chania, de 4.000 metri p\u0103tra\u021bi \u00een Vasilika, Salonic \u0219i de 7.000 metri p\u0103tra\u021bi de sere model cu plas\u0103, \u00een care ne cultiv\u0103m ro\u0219iile aplic\u00e2nd metode de cultivare ecologice \u0219i utiliz\u00e2nd un minim de produse fitosanitare. Facilit\u0103\u021bile noastre includ, de [&hellip;]","og_url":"https:\/\/redqueen.gr\/ro\/facilitati\/","og_site_name":"Red queen","article_modified_time":"2025-10-07T12:13:59+00:00","og_image":[{"width":123,"height":149,"url":"https:\/\/redqueen.gr\/wp-content\/uploads\/2023\/11\/rw-logo-ver_1@500x-1-e1701274169228.png","type":"image\/png"}],"twitter_card":"summary_large_image","twitter_misc":{"Timp estimat pentru citire":"2 minute"},"schema":{"@context":"https:\/\/schema.org","@graph":[{"@type":"WebPage","@id":"https:\/\/redqueen.gr\/ro\/facilitati\/","url":"https:\/\/redqueen.gr\/ro\/facilitati\/","name":"Facilit\u0103\u021bi - Red queen","isPartOf":{"@id":"https:\/\/redqueen.gr\/#website"},"primaryImageOfPage":{"@id":"https:\/\/redqueen.gr\/ro\/facilitati\/#primaryimage"},"image":{"@id":"https:\/\/redqueen.gr\/ro\/facilitati\/#primaryimage"},"thumbnailUrl":"https:\/\/redqueen.gr\/wp-content\/uploads\/2023\/11\/rw-logo-ver_1@500x-1-e1701274169228.png","datePublished":"2020-01-17T09:47:02+00:00","dateModified":"2025-10-07T12:13:59+00:00","breadcrumb":{"@id":"https:\/\/redqueen.gr\/ro\/facilitati\/#breadcrumb"},"inLanguage":"ro-RO","potentialAction":[{"@type":"ReadAction","target":["https:\/\/redqueen.gr\/ro\/facilitati\/"]}]},{"@type":"ImageObject","inLanguage":"ro-RO","@id":"https:\/\/redqueen.gr\/ro\/facilitati\/#primaryimage","url":"https:\/\/redqueen.gr\/wp-content\/uploads\/2023\/11\/rw-logo-ver_1@500x-1-e1701274169228.png","contentUrl":"https:\/\/redqueen.gr\/wp-content\/uploads\/2023\/11\/rw-logo-ver_1@500x-1-e1701274169228.png"},{"@type":"BreadcrumbList","@id":"https:\/\/redqueen.gr\/ro\/facilitati\/#breadcrumb","itemListElement":[{"@type":"ListItem","position":1,"name":"\u0391\u03c1\u03c7\u03b9\u03ba\u03ae","item":"https:\/\/redqueen.gr\/"},{"@type":"ListItem","position":2,"name":"Facilit\u0103\u021bi"}]},{"@type":"WebSite","@id":"https:\/\/redqueen.gr\/#website","url":"https:\/\/redqueen.gr\/","name":"Red queen","description":"","publisher":{"@id":"https:\/\/redqueen.gr\/#organization"},"potentialAction":[{"@type":"SearchAction","target":{"@type":"EntryPoint","urlTemplate":"https:\/\/redqueen.gr\/?s={search_term_string}"},"query-input":{"@type":"PropertyValueSpecification","valueRequired":true,"valueName":"search_term_string"}}],"inLanguage":"ro-RO"},{"@type":"Organization","@id":"https:\/\/redqueen.gr\/#organization","name":"Red queen","url":"https:\/\/redqueen.gr\/","logo":{"@type":"ImageObject","inLanguage":"ro-RO","@id":"https:\/\/redqueen.gr\/#\/schema\/logo\/image\/","url":"https:\/\/redqueen.gr\/wp-content\/uploads\/2023\/12\/mobile-logo-ver.png","contentUrl":"https:\/\/redqueen.gr\/wp-content\/uploads\/2023\/12\/mobile-logo-ver.png","width":586,"height":184,"caption":"Red queen"},"image":{"@id":"https:\/\/redqueen.gr\/#\/schema\/logo\/image\/"}}]}},"_links":{"self":[{"href":"https:\/\/redqueen.gr\/ro\/wp-json\/wp\/v2\/pages\/5139","targetHints":{"allow":["GET"]}}],"collection":[{"href":"https:\/\/redqueen.gr\/ro\/wp-json\/wp\/v2\/pages"}],"about":[{"href":"https:\/\/redqueen.gr\/ro\/wp-json\/wp\/v2\/types\/page"}],"author":[{"embeddable":true,"href":"https:\/\/redqueen.gr\/ro\/wp-json\/wp\/v2\/users\/1"}],"replies":[{"embeddable":true,"href":"https:\/\/redqueen.gr\/ro\/wp-json\/wp\/v2\/comments?post=5139"}],"version-history":[{"count":2,"href":"https:\/\/redqueen.gr\/ro\/wp-json\/wp\/v2\/pages\/5139\/revisions"}],"predecessor-version":[{"id":5331,"href":"https:\/\/redqueen.gr\/ro\/wp-json\/wp\/v2\/pages\/5139\/revisions\/5331"}],"wp:attachment":[{"href":"https:\/\/redqueen.gr\/ro\/wp-json\/wp\/v2\/media?parent=5139"}],"curies":[{"name":"wp","href":"https:\/\/api.w.org\/{rel}","templated":true}]}}